{"id":42,"date":"2018-06-02T07:39:16","date_gmt":"2018-06-02T07:39:16","guid":{"rendered":"https:\/\/graf-von-westerburg.de\/?page_id=42"},"modified":"2026-01-04T09:01:32","modified_gmt":"2026-01-04T08:01:32","slug":"pie-de-imprenta","status":"publish","type":"page","link":"https:\/\/graf-von-westerburg.de\/es\/imprint\/","title":{"rendered":"Pie de imprenta"},"content":{"rendered":"<div data-elementor-type=\"wp-post\" data-elementor-id=\"42\" class=\"elementor elementor-42\" data-elementor-settings=\"{&quot;element_pack_global_tooltip_width&quot;:{&quot;unit&quot;:&quot;px&quot;,&quot;size&quot;:&quot;&quot;,&quot;sizes&quot;:[]},&quot;element_pack_global_tooltip_width_tablet&quot;:{&quot;unit&quot;:&quot;px&quot;,&quot;size&quot;:&quot;&quot;,&quot;sizes&quot;:[]},&quot;element_pack_global_tooltip_width_mobile&quot;:{&quot;unit&quot;:&quot;px&quot;,&quot;size&quot;:&quot;&quot;,&quot;sizes&quot;:[]},&quot;element_pack_global_tooltip_padding&quot;:{&quot;unit&quot;:&quot;px&quot;,&quot;top&quot;:&quot;&quot;,&quot;right&quot;:&quot;&quot;,&quot;bottom&quot;:&quot;&quot;,&quot;left&quot;:&quot;&quot;,&quot;isLinked&quot;:true},&quot;element_pack_global_tooltip_padding_tablet&quot;:{&quot;unit&quot;:&quot;px&quot;,&quot;top&quot;:&quot;&quot;,&quot;right&quot;:&quot;&quot;,&quot;bottom&quot;:&quot;&quot;,&quot;left&quot;:&quot;&quot;,&quot;isLinked&quot;:true},&quot;element_pack_global_tooltip_padding_mobile&quot;:{&quot;unit&quot;:&quot;px&quot;,&quot;top&quot;:&quot;&quot;,&quot;right&quot;:&quot;&quot;,&quot;bottom&quot;:&quot;&quot;,&quot;left&quot;:&quot;&quot;,&quot;isLinked&quot;:true},&quot;element_pack_global_tooltip_border_radius&quot;:{&quot;unit&quot;:&quot;px&quot;,&quot;top&quot;:&quot;&quot;,&quot;right&quot;:&quot;&quot;,&quot;bottom&quot;:&quot;&quot;,&quot;left&quot;:&quot;&quot;,&quot;isLinked&quot;:true},&quot;element_pack_global_tooltip_border_radius_tablet&quot;:{&quot;unit&quot;:&quot;px&quot;,&quot;top&quot;:&quot;&quot;,&quot;right&quot;:&quot;&quot;,&quot;bottom&quot;:&quot;&quot;,&quot;left&quot;:&quot;&quot;,&quot;isLinked&quot;:true},&quot;element_pack_global_tooltip_border_radius_mobile&quot;:{&quot;unit&quot;:&quot;px&quot;,&quot;top&quot;:&quot;&quot;,&quot;right&quot;:&quot;&quot;,&quot;bottom&quot;:&quot;&quot;,&quot;left&quot;:&quot;&quot;,&quot;isLinked&quot;:true}}\" data-elementor-post-type=\"page\">\n\t\t\t\t<header class=\"elementor-element elementor-element-36dedb7 e-con-full e-flex e-con e-parent\" data-id=\"36dedb7\" data-element_type=\"container\" data-e-type=\"container\" data-settings=\"{&quot;background_background&quot;:&quot;classic&quot;}\">\n\t\t\t\t<div class=\"elementor-element elementor-element-8780a0b elementor-widget elementor-widget-heading\" data-id=\"8780a0b\" data-element_type=\"widget\" data-e-type=\"widget\" data-widget_type=\"heading.default\">\n\t\t\t\t<div class=\"elementor-widget-container\">\n\t\t\t\t\t<h1 class=\"elementor-heading-title elementor-size-default\">Pie de imprenta<\/h1>\t\t\t\t<\/div>\n\t\t\t\t<\/div>\n\t\t\t\t<\/header>\n\t\t<section class=\"elementor-element elementor-element-0815f45 e-flex e-con-boxed e-con e-parent\" data-id=\"0815f45\" data-element_type=\"container\" data-e-type=\"container\" data-settings=\"{&quot;background_background&quot;:&quot;classic&quot;}\">\n\t\t\t\t\t<div class=\"e-con-inner\">\n\t\t\t\t<div class=\"elementor-element elementor-element-1cd5c2e elementor-widget elementor-widget-spacer\" data-id=\"1cd5c2e\" data-element_type=\"widget\" data-e-type=\"widget\" data-widget_type=\"spacer.default\">\n\t\t\t\t<div class=\"elementor-widget-container\">\n\t\t\t\t\t\t\t<div class=\"elementor-spacer\">\n\t\t\t<div class=\"elementor-spacer-inner\"><\/div>\n\t\t<\/div>\n\t\t\t\t\t\t<\/div>\n\t\t\t\t<\/div>\n\t\t\t\t<div class=\"elementor-element elementor-element-72e0e61 elementor-widget elementor-widget-text-editor\" data-id=\"72e0e61\" data-element_type=\"widget\" data-e-type=\"widget\" data-widget_type=\"text-editor.default\">\n\t\t\t\t<div class=\"elementor-widget-container\">\n\t\t\t\t\t\t\t\t\t<p>Identificaci\u00f3n del proveedor e informaci\u00f3n legal<\/p>\t\t\t\t\t\t\t\t<\/div>\n\t\t\t\t<\/div>\n\t\t\t\t<div class=\"elementor-element elementor-element-96de2bf elementor-widget elementor-widget-image\" data-id=\"96de2bf\" data-element_type=\"widget\" data-e-type=\"widget\" data-widget_type=\"image.default\">\n\t\t\t\t<div class=\"elementor-widget-container\">\n\t\t\t\t\t\t\t\t\t\t\t\t\t\t\t<img decoding=\"async\" width=\"247\" height=\"36\" src=\"https:\/\/graf-von-westerburg.de\/wp-content\/uploads\/2022\/11\/logo-white.svg\" class=\"attachment-full size-full wp-image-2329\" alt=\"\" \/>\t\t\t\t\t\t\t\t\t\t\t\t\t\t\t<\/div>\n\t\t\t\t<\/div>\n\t\t\t\t<div class=\"elementor-element elementor-element-00faf7c elementor-widget elementor-widget-text-editor\" data-id=\"00faf7c\" data-element_type=\"widget\" data-e-type=\"widget\" data-widget_type=\"text-editor.default\">\n\t\t\t\t<div class=\"elementor-widget-container\">\n\t\t\t\t\t\t\t\t\t<div class=\"entry-content\"><p>Bente Graf von Westerburg<br \/>Calle Torgauer. 231 \u2013 233<br \/>04347 Leipzig<br \/>Alemania<\/p><p><strong>Representado por:<br \/><\/strong>Bente Graf von Westerburg<\/p><p><strong>Contacto:<\/strong><br \/>Tel\u00e9fono: 49 341 9899 3215<br \/>Correo electr\u00f3nico: info@graf-von-westerburg.de<\/p><p id=\"hinweis-gemaess-%c2%a7-36-vsbg-verbraucherstreitbeilegungsgesetz\" class=\"wp-block-heading\"><strong>Nota seg\u00fan el art\u00edculo 36 de la VSBG (Ley sobre soluci\u00f3n de litigios en materia de consumo)<br \/><\/strong>No estamos obligados a participar en un procedimiento de resoluci\u00f3n de disputas ante una junta de arbitraje de consumo y no participaremos en un procedimiento de resoluci\u00f3n de disputas.<\/p><p><strong>Responsabilidad por el contenido:<\/strong><br \/>Como proveedor de servicios, somos responsables de nuestro propio contenido en estas p\u00e1ginas de acuerdo con las leyes generales de conformidad con el art\u00edculo 7, p\u00e1rrafo 1 de la DDG. Sin embargo, seg\u00fan los art\u00edculos 8 a 10 de la DDG, como proveedor de servicios no estamos obligados a controlar la informaci\u00f3n de terceros transmitida o almacenada ni a investigar circunstancias que indiquen una actividad ilegal. Las obligaciones de eliminar o bloquear el uso de informaci\u00f3n de acuerdo con la ley general no se ver\u00e1n afectadas. Sin embargo, la responsabilidad a este respecto s\u00f3lo es posible a partir del momento en que se tiene conocimiento de una infracci\u00f3n legal espec\u00edfica. Si tenemos conocimiento de alguna infracci\u00f3n legal correspondiente, eliminaremos inmediatamente este contenido.<\/p><p><strong>Responsabilidad por enlaces:<\/strong><br \/>Nuestra oferta contiene enlaces a sitios web externos de terceros sobre cuyo contenido no tenemos ninguna influencia. Por lo tanto, no podemos asumir ninguna responsabilidad por este contenido externo. El respectivo proveedor u operador de las p\u00e1ginas es siempre responsable del contenido de las p\u00e1ginas enlazadas. En el momento de la vinculaci\u00f3n se comprobaron las p\u00e1ginas enlazadas para detectar posibles infracciones legales. El contenido ilegal no era evidente en el momento del enlace. Sin embargo, un control permanente del contenido de las p\u00e1ginas enlazadas no es razonable sin pruebas concretas de una infracci\u00f3n legal. Si tenemos conocimiento de alguna infracci\u00f3n legal, eliminaremos inmediatamente dichos enlaces.<\/p><p><strong>Copyright:<\/strong><br \/>Los contenidos y trabajos de estas p\u00e1ginas creados por los operadores del sitio est\u00e1n sujetos a la ley de derechos de autor alemana. La reproducci\u00f3n, procesamiento, distribuci\u00f3n y cualquier tipo de explotaci\u00f3n fuera de los l\u00edmites de la ley de derechos de autor requieren el consentimiento por escrito del respectivo autor o creador. Las descargas y copias de esta p\u00e1gina s\u00f3lo est\u00e1n permitidas para uso privado y no comercial. Si el contenido de este sitio no fue creado por el operador, se respetan los derechos de autor de terceros. En particular, los contenidos de terceros se marcan como tales. No obstante, si tiene conocimiento de una infracci\u00f3n de derechos de autor, le pedimos que nos lo notifique en consecuencia. Si tenemos conocimiento de alguna infracci\u00f3n legal, eliminaremos inmediatamente dicho contenido.<\/p><\/div>\t\t\t\t\t\t\t\t<\/div>\n\t\t\t\t<\/div>\n\t\t\t\t\t<\/div>\n\t\t\t\t<\/section>\n\t\t\t\t<\/div>","protected":false},"excerpt":{"rendered":"<p>Impressum Anbieterkennzeichnung und rechtliche Hinweise Bente Graf von WesterburgTorgauer Str. 231 &#8211; 23304347 LeipzigGermany Vertreten durch:Bente Graf von Westerburg Kontakt:Telefon: +49 341 9899 3215E-Mail: info@graf-von-westerburg.de Hinweis gem\u00e4\u00df \u00a7 36 VSBG (Verbraucherstreitbeilegungsgesetz)Wir sind zur Teilnahme an einem Streitbeilegungsverfahren vor einer Verbraucherschlichtungsstelle nicht verpflichtet und werden an einem Streitbeilegungsverfahren nicht teilnehmen. Haftung f\u00fcr Inhalte:Als Diensteanbieter sind wir [&hellip;]<\/p>\n","protected":false},"author":4,"featured_media":0,"parent":0,"menu_order":0,"comment_status":"closed","ping_status":"closed","template":"","meta":{"_acf_changed":false,"inline_featured_image":false,"footnotes":""},"class_list":["post-42","page","type-page","status-publish","hentry"],"acf":[],"yoast_head":"<!-- This site is optimized with the Yoast SEO Premium plugin v27.3 (Yoast SEO v27.6) - https:\/\/yoast.com\/product\/yoast-seo-premium-wordpress\/ -->\n<title>Impressum | Graf von Westerburg<\/title>\n<meta name=\"description\" content=\"Graf von Westerburg Management Consultants, Torgauer Str. 231- 233, DE-04347 Leipzig, info@graf-von-westerburg.de, Phone +49 341 9899 3215\" \/>\n<meta name=\"robots\" content=\"index, follow, max-snippet:-1, max-image-preview:large, max-video-preview:-1\" \/>\n<link rel=\"canonical\" href=\"https:\/\/graf-von-westerburg.de\/es\/pie-de-imprenta\/\" \/>\n<meta property=\"og:locale\" content=\"es_ES\" \/>\n<meta property=\"og:type\" content=\"article\" \/>\n<meta property=\"og:title\" content=\"Impressum\" \/>\n<meta property=\"og:description\" content=\"Graf von Westerburg Management Consultants, Torgauer Str. 231- 233, DE-04347 Leipzig, info@graf-von-westerburg.de, Phone +49 341 9899 3215\" \/>\n<meta property=\"og:url\" content=\"https:\/\/graf-von-westerburg.de\/es\/pie-de-imprenta\/\" \/>\n<meta property=\"og:site_name\" content=\"Graf von Westerburg\" \/>\n<meta property=\"article:modified_time\" content=\"2026-01-04T08:01:32+00:00\" \/>\n<meta property=\"og:image\" content=\"https:\/\/graf-von-westerburg.de\/wp-content\/uploads\/2025\/04\/website-bild.png\" \/>\n\t<meta property=\"og:image:width\" content=\"1200\" \/>\n\t<meta property=\"og:image:height\" content=\"675\" \/>\n\t<meta property=\"og:image:type\" content=\"image\/png\" \/>\n<meta name=\"twitter:card\" content=\"summary_large_image\" \/>\n<meta name=\"twitter:label1\" content=\"Tiempo de lectura\" \/>\n\t<meta name=\"twitter:data1\" content=\"3 minutos\" \/>\n<script type=\"application\/ld+json\" class=\"yoast-schema-graph\">{\"@context\":\"https:\\\/\\\/schema.org\",\"@graph\":[{\"@type\":\"WebPage\",\"@id\":\"https:\\\/\\\/graf-von-westerburg.de\\\/es\\\/imprint\\\/\",\"url\":\"https:\\\/\\\/graf-von-westerburg.de\\\/es\\\/imprint\\\/\",\"name\":\"Impressum | Graf von Westerburg\",\"isPartOf\":{\"@id\":\"https:\\\/\\\/graf-von-westerburg.de\\\/es\\\/#website\"},\"primaryImageOfPage\":{\"@id\":\"https:\\\/\\\/graf-von-westerburg.de\\\/es\\\/imprint\\\/#primaryimage\"},\"image\":{\"@id\":\"https:\\\/\\\/graf-von-westerburg.de\\\/es\\\/imprint\\\/#primaryimage\"},\"thumbnailUrl\":\"https:\\\/\\\/graf-von-westerburg.de\\\/wp-content\\\/uploads\\\/2022\\\/11\\\/logo-white.svg\",\"datePublished\":\"2018-06-02T07:39:16+00:00\",\"dateModified\":\"2026-01-04T08:01:32+00:00\",\"description\":\"Graf von Westerburg Management Consultants, Torgauer Str. 231- 233, DE-04347 Leipzig, info@graf-von-westerburg.de, Phone +49 341 9899 3215\",\"breadcrumb\":{\"@id\":\"https:\\\/\\\/graf-von-westerburg.de\\\/es\\\/imprint\\\/#breadcrumb\"},\"inLanguage\":\"es\",\"potentialAction\":[{\"@type\":\"ReadAction\",\"target\":[\"https:\\\/\\\/graf-von-westerburg.de\\\/es\\\/imprint\\\/\"]}]},{\"@type\":\"ImageObject\",\"inLanguage\":\"es\",\"@id\":\"https:\\\/\\\/graf-von-westerburg.de\\\/es\\\/imprint\\\/#primaryimage\",\"url\":\"https:\\\/\\\/graf-von-westerburg.de\\\/wp-content\\\/uploads\\\/2022\\\/11\\\/logo-white.svg\",\"contentUrl\":\"https:\\\/\\\/graf-von-westerburg.de\\\/wp-content\\\/uploads\\\/2022\\\/11\\\/logo-white.svg\"},{\"@type\":\"BreadcrumbList\",\"@id\":\"https:\\\/\\\/graf-von-westerburg.de\\\/es\\\/imprint\\\/#breadcrumb\",\"itemListElement\":[{\"@type\":\"ListItem\",\"position\":1,\"name\":\"Startseite\",\"item\":\"https:\\\/\\\/graf-von-westerburg.de\\\/\"},{\"@type\":\"ListItem\",\"position\":2,\"name\":\"Impressum\"}]},{\"@type\":\"WebSite\",\"@id\":\"https:\\\/\\\/graf-von-westerburg.de\\\/es\\\/#website\",\"url\":\"https:\\\/\\\/graf-von-westerburg.de\\\/es\\\/\",\"name\":\"Graf von Westerburg\",\"description\":\"Management Consultants\",\"publisher\":{\"@id\":\"https:\\\/\\\/graf-von-westerburg.de\\\/es\\\/#organization\"},\"potentialAction\":[{\"@type\":\"SearchAction\",\"target\":{\"@type\":\"EntryPoint\",\"urlTemplate\":\"https:\\\/\\\/graf-von-westerburg.de\\\/es\\\/?s={search_term_string}\"},\"query-input\":{\"@type\":\"PropertyValueSpecification\",\"valueRequired\":true,\"valueName\":\"search_term_string\"}}],\"inLanguage\":\"es\"},{\"@type\":\"Organization\",\"@id\":\"https:\\\/\\\/graf-von-westerburg.de\\\/es\\\/#organization\",\"name\":\"Graf von Westerburg\",\"url\":\"https:\\\/\\\/graf-von-westerburg.de\\\/es\\\/\",\"logo\":{\"@type\":\"ImageObject\",\"inLanguage\":\"es\",\"@id\":\"https:\\\/\\\/graf-von-westerburg.de\\\/es\\\/#\\\/schema\\\/logo\\\/image\\\/\",\"url\":\"https:\\\/\\\/graf-von-westerburg.de\\\/wp-content\\\/uploads\\\/2022\\\/11\\\/favicon.svg\",\"contentUrl\":\"https:\\\/\\\/graf-von-westerburg.de\\\/wp-content\\\/uploads\\\/2022\\\/11\\\/favicon.svg\",\"width\":32,\"height\":30,\"caption\":\"Graf von Westerburg\"},\"image\":{\"@id\":\"https:\\\/\\\/graf-von-westerburg.de\\\/es\\\/#\\\/schema\\\/logo\\\/image\\\/\"},\"sameAs\":[\"https:\\\/\\\/xing.com\\\/pages\\\/graf-von-westerburg\",\"https:\\\/\\\/linkedin.com\\\/company\\\/graf-von-westerburg\"],\"description\":\"Graf von Westerburg ist Ihr Partner f\u00fcr Defence & Security, Innovation und digitale Transformation, k\u00fcnstliche Intelligenz, Industrie 5.0, Executive Search, Krisenmanagement sowie integrierte Managementsysteme. Die Erfolgsbasis bilden exzellente Branchenkenntnisse, eine fundierte Methodik sowie ein internationales Insider-Netzwerk.\",\"email\":\"info@graf-von-westerburg.de\",\"telephone\":\"+49 341 9899 3215\"}]}<\/script>\n<!-- \/ Yoast SEO Premium plugin. -->","yoast_head_json":{"title":"Pie de imprenta | Graf von Westerburg","description":"Graf von Westerburg Management Consultants, Torgauer Str. 231-233, DE-04347 Leipzig, info@graf-von-westerburg.de, tel\u00e9fono 49 341 9899 3215","robots":{"index":"index","follow":"follow","max-snippet":"max-snippet:-1","max-image-preview":"max-image-preview:large","max-video-preview":"max-video-preview:-1"},"canonical":"https:\/\/graf-von-westerburg.de\/es\/pie-de-imprenta\/","og_locale":"es_ES","og_type":"article","og_title":"Impressum","og_description":"Graf von Westerburg Management Consultants, Torgauer Str. 231- 233, DE-04347 Leipzig, info@graf-von-westerburg.de, Phone +49 341 9899 3215","og_url":"https:\/\/graf-von-westerburg.de\/es\/pie-de-imprenta\/","og_site_name":"Graf von Westerburg","article_modified_time":"2026-01-04T08:01:32+00:00","og_image":[{"width":1200,"height":675,"url":"https:\/\/graf-von-westerburg.de\/wp-content\/uploads\/2025\/04\/website-bild.png","type":"image\/png"}],"twitter_card":"summary_large_image","twitter_misc":{"Tiempo de lectura":"3 minutos"},"schema":{"@context":"https:\/\/schema.org","@graph":[{"@type":"WebPage","@id":"https:\/\/graf-von-westerburg.de\/es\/imprint\/","url":"https:\/\/graf-von-westerburg.de\/es\/imprint\/","name":"Pie de imprenta | Graf von Westerburg","isPartOf":{"@id":"https:\/\/graf-von-westerburg.de\/es\/#website"},"primaryImageOfPage":{"@id":"https:\/\/graf-von-westerburg.de\/es\/imprint\/#primaryimage"},"image":{"@id":"https:\/\/graf-von-westerburg.de\/es\/imprint\/#primaryimage"},"thumbnailUrl":"https:\/\/graf-von-westerburg.de\/wp-content\/uploads\/2022\/11\/logo-white.svg","datePublished":"2018-06-02T07:39:16+00:00","dateModified":"2026-01-04T08:01:32+00:00","description":"Graf von Westerburg Management Consultants, Torgauer Str. 231-233, DE-04347 Leipzig, info@graf-von-westerburg.de, tel\u00e9fono 49 341 9899 3215","breadcrumb":{"@id":"https:\/\/graf-von-westerburg.de\/es\/imprint\/#breadcrumb"},"inLanguage":"es","potentialAction":[{"@type":"ReadAction","target":["https:\/\/graf-von-westerburg.de\/es\/imprint\/"]}]},{"@type":"ImageObject","inLanguage":"es","@id":"https:\/\/graf-von-westerburg.de\/es\/imprint\/#primaryimage","url":"https:\/\/graf-von-westerburg.de\/wp-content\/uploads\/2022\/11\/logo-white.svg","contentUrl":"https:\/\/graf-von-westerburg.de\/wp-content\/uploads\/2022\/11\/logo-white.svg"},{"@type":"BreadcrumbList","@id":"https:\/\/graf-von-westerburg.de\/es\/imprint\/#breadcrumb","itemListElement":[{"@type":"ListItem","position":1,"name":"Startseite","item":"https:\/\/graf-von-westerburg.de\/"},{"@type":"ListItem","position":2,"name":"Impressum"}]},{"@type":"WebSite","@id":"https:\/\/graf-von-westerburg.de\/es\/#website","url":"https:\/\/graf-von-westerburg.de\/es\/","name":"Graf von Westerburg","description":"Consultores de Gesti\u00f3n","publisher":{"@id":"https:\/\/graf-von-westerburg.de\/es\/#organization"},"potentialAction":[{"@type":"SearchAction","target":{"@type":"EntryPoint","urlTemplate":"https:\/\/graf-von-westerburg.de\/es\/?s={search_term_string}"},"query-input":{"@type":"PropertyValueSpecification","valueRequired":true,"valueName":"search_term_string"}}],"inLanguage":"es"},{"@type":"Organization","@id":"https:\/\/graf-von-westerburg.de\/es\/#organization","name":"Graf von Westerburg","url":"https:\/\/graf-von-westerburg.de\/es\/","logo":{"@type":"ImageObject","inLanguage":"es","@id":"https:\/\/graf-von-westerburg.de\/es\/#\/schema\/logo\/image\/","url":"https:\/\/graf-von-westerburg.de\/wp-content\/uploads\/2022\/11\/favicon.svg","contentUrl":"https:\/\/graf-von-westerburg.de\/wp-content\/uploads\/2022\/11\/favicon.svg","width":32,"height":30,"caption":"Graf von Westerburg"},"image":{"@id":"https:\/\/graf-von-westerburg.de\/es\/#\/schema\/logo\/image\/"},"sameAs":["https:\/\/xing.com\/pages\/graf-von-westerburg","https:\/\/linkedin.com\/company\/graf-von-westerburg"],"description":"El conde von Westerburg es su compa\u00f1ero de defensa.","email":"info@graf-von-westerburg.de","telephone":"+49 341 9899 3215"}]}},"_links":{"self":[{"href":"https:\/\/graf-von-westerburg.de\/es\/wp-json\/wp\/v2\/pages\/42","targetHints":{"allow":["GET"]}}],"collection":[{"href":"https:\/\/graf-von-westerburg.de\/es\/wp-json\/wp\/v2\/pages"}],"about":[{"href":"https:\/\/graf-von-westerburg.de\/es\/wp-json\/wp\/v2\/types\/page"}],"author":[{"embeddable":true,"href":"https:\/\/graf-von-westerburg.de\/es\/wp-json\/wp\/v2\/users\/4"}],"replies":[{"embeddable":true,"href":"https:\/\/graf-von-westerburg.de\/es\/wp-json\/wp\/v2\/comments?post=42"}],"version-history":[{"count":0,"href":"https:\/\/graf-von-westerburg.de\/es\/wp-json\/wp\/v2\/pages\/42\/revisions"}],"wp:attachment":[{"href":"https:\/\/graf-von-westerburg.de\/es\/wp-json\/wp\/v2\/media?parent=42"}],"curies":[{"name":"wp","href":"https:\/\/api.w.org\/{rel}","templated":true}]}}