{"id":42,"date":"2018-06-02T07:39:16","date_gmt":"2018-06-02T07:39:16","guid":{"rendered":"https:\/\/graf-von-westerburg.de\/?page_id=42"},"modified":"2026-01-04T09:01:32","modified_gmt":"2026-01-04T08:01:32","slug":"empreinte","status":"publish","type":"page","link":"https:\/\/graf-von-westerburg.de\/fr\/imprint\/","title":{"rendered":"Mentions l\u00e9gales"},"content":{"rendered":"<div data-elementor-type=\"wp-post\" data-elementor-id=\"42\" class=\"elementor elementor-42\" data-elementor-settings=\"{&quot;element_pack_global_tooltip_width&quot;:{&quot;unit&quot;:&quot;px&quot;,&quot;size&quot;:&quot;&quot;,&quot;sizes&quot;:[]},&quot;element_pack_global_tooltip_width_tablet&quot;:{&quot;unit&quot;:&quot;px&quot;,&quot;size&quot;:&quot;&quot;,&quot;sizes&quot;:[]},&quot;element_pack_global_tooltip_width_mobile&quot;:{&quot;unit&quot;:&quot;px&quot;,&quot;size&quot;:&quot;&quot;,&quot;sizes&quot;:[]},&quot;element_pack_global_tooltip_padding&quot;:{&quot;unit&quot;:&quot;px&quot;,&quot;top&quot;:&quot;&quot;,&quot;right&quot;:&quot;&quot;,&quot;bottom&quot;:&quot;&quot;,&quot;left&quot;:&quot;&quot;,&quot;isLinked&quot;:true},&quot;element_pack_global_tooltip_padding_tablet&quot;:{&quot;unit&quot;:&quot;px&quot;,&quot;top&quot;:&quot;&quot;,&quot;right&quot;:&quot;&quot;,&quot;bottom&quot;:&quot;&quot;,&quot;left&quot;:&quot;&quot;,&quot;isLinked&quot;:true},&quot;element_pack_global_tooltip_padding_mobile&quot;:{&quot;unit&quot;:&quot;px&quot;,&quot;top&quot;:&quot;&quot;,&quot;right&quot;:&quot;&quot;,&quot;bottom&quot;:&quot;&quot;,&quot;left&quot;:&quot;&quot;,&quot;isLinked&quot;:true},&quot;element_pack_global_tooltip_border_radius&quot;:{&quot;unit&quot;:&quot;px&quot;,&quot;top&quot;:&quot;&quot;,&quot;right&quot;:&quot;&quot;,&quot;bottom&quot;:&quot;&quot;,&quot;left&quot;:&quot;&quot;,&quot;isLinked&quot;:true},&quot;element_pack_global_tooltip_border_radius_tablet&quot;:{&quot;unit&quot;:&quot;px&quot;,&quot;top&quot;:&quot;&quot;,&quot;right&quot;:&quot;&quot;,&quot;bottom&quot;:&quot;&quot;,&quot;left&quot;:&quot;&quot;,&quot;isLinked&quot;:true},&quot;element_pack_global_tooltip_border_radius_mobile&quot;:{&quot;unit&quot;:&quot;px&quot;,&quot;top&quot;:&quot;&quot;,&quot;right&quot;:&quot;&quot;,&quot;bottom&quot;:&quot;&quot;,&quot;left&quot;:&quot;&quot;,&quot;isLinked&quot;:true}}\" data-elementor-post-type=\"page\">\n\t\t\t\t<header class=\"elementor-element elementor-element-36dedb7 e-con-full e-flex e-con e-parent\" data-id=\"36dedb7\" data-element_type=\"container\" data-e-type=\"container\" data-settings=\"{&quot;background_background&quot;:&quot;classic&quot;}\">\n\t\t\t\t<div class=\"elementor-element elementor-element-8780a0b elementor-widget elementor-widget-heading\" data-id=\"8780a0b\" data-element_type=\"widget\" data-e-type=\"widget\" data-widget_type=\"heading.default\">\n\t\t\t\t<div class=\"elementor-widget-container\">\n\t\t\t\t\t<h1 class=\"elementor-heading-title elementor-size-default\">Mentions l\u00e9gales<\/h1>\t\t\t\t<\/div>\n\t\t\t\t<\/div>\n\t\t\t\t<\/header>\n\t\t<section class=\"elementor-element elementor-element-0815f45 e-flex e-con-boxed e-con e-parent\" data-id=\"0815f45\" data-element_type=\"container\" data-e-type=\"container\" data-settings=\"{&quot;background_background&quot;:&quot;classic&quot;}\">\n\t\t\t\t\t<div class=\"e-con-inner\">\n\t\t\t\t<div class=\"elementor-element elementor-element-1cd5c2e elementor-widget elementor-widget-spacer\" data-id=\"1cd5c2e\" data-element_type=\"widget\" data-e-type=\"widget\" data-widget_type=\"spacer.default\">\n\t\t\t\t<div class=\"elementor-widget-container\">\n\t\t\t\t\t\t\t<div class=\"elementor-spacer\">\n\t\t\t<div class=\"elementor-spacer-inner\"><\/div>\n\t\t<\/div>\n\t\t\t\t\t\t<\/div>\n\t\t\t\t<\/div>\n\t\t\t\t<div class=\"elementor-element elementor-element-72e0e61 elementor-widget elementor-widget-text-editor\" data-id=\"72e0e61\" data-element_type=\"widget\" data-e-type=\"widget\" data-widget_type=\"text-editor.default\">\n\t\t\t\t<div class=\"elementor-widget-container\">\n\t\t\t\t\t\t\t\t\t<p>Identification du fournisseur et informations l\u00e9gales<\/p>\t\t\t\t\t\t\t\t<\/div>\n\t\t\t\t<\/div>\n\t\t\t\t<div class=\"elementor-element elementor-element-96de2bf elementor-widget elementor-widget-image\" data-id=\"96de2bf\" data-element_type=\"widget\" data-e-type=\"widget\" data-widget_type=\"image.default\">\n\t\t\t\t<div class=\"elementor-widget-container\">\n\t\t\t\t\t\t\t\t\t\t\t\t\t\t\t<img decoding=\"async\" width=\"247\" height=\"36\" src=\"https:\/\/graf-von-westerburg.de\/wp-content\/uploads\/2022\/11\/logo-white.svg\" class=\"attachment-full size-full wp-image-2329\" alt=\"\" \/>\t\t\t\t\t\t\t\t\t\t\t\t\t\t\t<\/div>\n\t\t\t\t<\/div>\n\t\t\t\t<div class=\"elementor-element elementor-element-00faf7c elementor-widget elementor-widget-text-editor\" data-id=\"00faf7c\" data-element_type=\"widget\" data-e-type=\"widget\" data-widget_type=\"text-editor.default\">\n\t\t\t\t<div class=\"elementor-widget-container\">\n\t\t\t\t\t\t\t\t\t<div class=\"entry-content\"><p>Bente Graf von Westerburg<br \/>Torgauer Str. 231 \u2013 233<br \/>04347 Leipzig<br \/>Allemagne<\/p><p><strong>Repr\u00e9sent\u00e9 par :<br \/><\/strong>Bente Graf von Westerburg<\/p><p><strong>Contact\u00a0:<\/strong><br \/>T\u00e9l\u00e9phone : 49 341 9899 3215<br \/>E-mail : info@graf-von-westerburg.de<\/p><p id=\"hinweis-gemaess-%c2%a7-36-vsbg-verbraucherstreitbeilegungsgesetz\" class=\"wp-block-heading\"><strong>Remarque conform\u00e9ment \u00e0 l'article 36 VSBG (Loi sur le r\u00e8glement des litiges de consommation)<br \/><\/strong>Nous ne sommes pas oblig\u00e9s de participer \u00e0 une proc\u00e9dure de r\u00e8glement des litiges devant un conseil d'arbitrage des consommateurs et ne participerons pas \u00e0 une proc\u00e9dure de r\u00e8glement des litiges.<\/p><p><strong>Responsabilit\u00e9 relative au contenu\u00a0:<\/strong><br \/>En tant que prestataire de services, nous sommes responsables de notre propre contenu sur ces pages conform\u00e9ment aux lois g\u00e9n\u00e9rales conform\u00e9ment \u00e0 l'article 7, paragraphe 1, DDG. Toutefois, conform\u00e9ment aux articles 8 \u00e0 10 DDG, en tant que prestataire de services, nous ne sommes pas oblig\u00e9s de surveiller les informations de tiers transmises ou stock\u00e9es ni d'enqu\u00eater sur les circonstances indiquant une activit\u00e9 ill\u00e9gale. Les obligations de supprimer ou de bloquer l'utilisation des informations conform\u00e9ment au droit g\u00e9n\u00e9ral restent inchang\u00e9es. Toutefois, la responsabilit\u00e9 \u00e0 cet \u00e9gard n'est possible qu'\u00e0 partir du moment o\u00f9 l'on a connaissance d'une violation concr\u00e8te de la loi. Si nous avons connaissance de violations l\u00e9gales correspondantes, nous supprimerons imm\u00e9diatement ce contenu.<\/p><p><strong>Responsabilit\u00e9 pour les liens\u00a0:<\/strong><br \/>Notre offre contient des liens vers des sites Internet de tiers externes sur le contenu desquels nous n'avons aucune influence. Nous ne pouvons donc assumer aucune responsabilit\u00e9 pour ce contenu externe. Le fournisseur ou l'exploitant respectif des pages est toujours responsable du contenu des pages li\u00e9es. Les pages li\u00e9es ont \u00e9t\u00e9 v\u00e9rifi\u00e9es au moment de la cr\u00e9ation du lien pour d\u00e9tecter d'\u00e9ventuelles violations de la loi. Aucun contenu ill\u00e9gal n'\u00e9tait apparent au moment de la cr\u00e9ation du lien. Un contr\u00f4le permanent du contenu des pages li\u00e9es n'est toutefois pas raisonnable sans preuves concr\u00e8tes d'une violation de la loi. Si nous avons connaissance de violations de la loi, nous supprimerons imm\u00e9diatement ces liens.<\/p><p><strong>Droits d'auteur\u00a0:<\/strong><br \/>Le contenu et les \u0153uvres de ces pages cr\u00e9\u00e9s par les exploitants du site sont soumis \u00e0 la loi allemande sur le droit d'auteur. La reproduction, le traitement, la distribution et toute forme d'exploitation en dehors des limites du droit d'auteur n\u00e9cessitent l'accord \u00e9crit de l'auteur ou du cr\u00e9ateur respectif. Les t\u00e9l\u00e9chargements et les copies de cette page ne sont autoris\u00e9s que pour un usage priv\u00e9 et non commercial. Si le contenu de ce site n'a pas \u00e9t\u00e9 cr\u00e9\u00e9 par l'op\u00e9rateur, les droits d'auteur des tiers sont respect\u00e9s. Les contenus de tiers sont notamment marqu\u00e9s comme tels. Si vous constatez n\u00e9anmoins une violation du droit d'auteur, nous vous demandons de nous en informer. Si nous avons connaissance de violations de la loi, nous supprimerons imm\u00e9diatement ce contenu.<\/p><\/div>\t\t\t\t\t\t\t\t<\/div>\n\t\t\t\t<\/div>\n\t\t\t\t\t<\/div>\n\t\t\t\t<\/section>\n\t\t\t\t<\/div>","protected":false},"excerpt":{"rendered":"<p>Impressum Anbieterkennzeichnung und rechtliche Hinweise Bente Graf von WesterburgTorgauer Str. 231 &#8211; 23304347 LeipzigGermany Vertreten durch:Bente Graf von Westerburg Kontakt:Telefon: +49 341 9899 3215E-Mail: info@graf-von-westerburg.de Hinweis gem\u00e4\u00df \u00a7 36 VSBG (Verbraucherstreitbeilegungsgesetz)Wir sind zur Teilnahme an einem Streitbeilegungsverfahren vor einer Verbraucherschlichtungsstelle nicht verpflichtet und werden an einem Streitbeilegungsverfahren nicht teilnehmen. Haftung f\u00fcr Inhalte:Als Diensteanbieter sind wir [&hellip;]<\/p>\n","protected":false},"author":4,"featured_media":0,"parent":0,"menu_order":0,"comment_status":"closed","ping_status":"closed","template":"","meta":{"_acf_changed":false,"inline_featured_image":false,"footnotes":""},"class_list":["post-42","page","type-page","status-publish","hentry"],"acf":[],"yoast_head":"<!-- This site is optimized with the Yoast SEO Premium plugin v27.3 (Yoast SEO v27.6) - https:\/\/yoast.com\/product\/yoast-seo-premium-wordpress\/ -->\n<title>Impressum | Graf von Westerburg<\/title>\n<meta name=\"description\" content=\"Graf von Westerburg Management Consultants, Torgauer Str. 231- 233, DE-04347 Leipzig, info@graf-von-westerburg.de, Phone +49 341 9899 3215\" \/>\n<meta name=\"robots\" content=\"index, follow, max-snippet:-1, max-image-preview:large, max-video-preview:-1\" \/>\n<link rel=\"canonical\" href=\"https:\/\/graf-von-westerburg.de\/fr\/empreinte\/\" \/>\n<meta property=\"og:locale\" content=\"fr_FR\" \/>\n<meta property=\"og:type\" content=\"article\" \/>\n<meta property=\"og:title\" content=\"Impressum\" \/>\n<meta property=\"og:description\" content=\"Graf von Westerburg Management Consultants, Torgauer Str. 231- 233, DE-04347 Leipzig, info@graf-von-westerburg.de, Phone +49 341 9899 3215\" \/>\n<meta property=\"og:url\" content=\"https:\/\/graf-von-westerburg.de\/fr\/empreinte\/\" \/>\n<meta property=\"og:site_name\" content=\"Graf von Westerburg\" \/>\n<meta property=\"article:modified_time\" content=\"2026-01-04T08:01:32+00:00\" \/>\n<meta property=\"og:image\" content=\"https:\/\/graf-von-westerburg.de\/wp-content\/uploads\/2025\/04\/website-bild.png\" \/>\n\t<meta property=\"og:image:width\" content=\"1200\" \/>\n\t<meta property=\"og:image:height\" content=\"675\" \/>\n\t<meta property=\"og:image:type\" content=\"image\/png\" \/>\n<meta name=\"twitter:card\" content=\"summary_large_image\" \/>\n<meta name=\"twitter:label1\" content=\"Dur\u00e9e de lecture estim\u00e9e\" \/>\n\t<meta name=\"twitter:data1\" content=\"3 minutes\" \/>\n<script type=\"application\/ld+json\" class=\"yoast-schema-graph\">{\"@context\":\"https:\\\/\\\/schema.org\",\"@graph\":[{\"@type\":\"WebPage\",\"@id\":\"https:\\\/\\\/graf-von-westerburg.de\\\/fr\\\/imprint\\\/\",\"url\":\"https:\\\/\\\/graf-von-westerburg.de\\\/fr\\\/imprint\\\/\",\"name\":\"Impressum | Graf von Westerburg\",\"isPartOf\":{\"@id\":\"https:\\\/\\\/graf-von-westerburg.de\\\/fr\\\/#website\"},\"primaryImageOfPage\":{\"@id\":\"https:\\\/\\\/graf-von-westerburg.de\\\/fr\\\/imprint\\\/#primaryimage\"},\"image\":{\"@id\":\"https:\\\/\\\/graf-von-westerburg.de\\\/fr\\\/imprint\\\/#primaryimage\"},\"thumbnailUrl\":\"https:\\\/\\\/graf-von-westerburg.de\\\/wp-content\\\/uploads\\\/2022\\\/11\\\/logo-white.svg\",\"datePublished\":\"2018-06-02T07:39:16+00:00\",\"dateModified\":\"2026-01-04T08:01:32+00:00\",\"description\":\"Graf von Westerburg Management Consultants, Torgauer Str. 231- 233, DE-04347 Leipzig, info@graf-von-westerburg.de, Phone +49 341 9899 3215\",\"breadcrumb\":{\"@id\":\"https:\\\/\\\/graf-von-westerburg.de\\\/fr\\\/imprint\\\/#breadcrumb\"},\"inLanguage\":\"fr-FR\",\"potentialAction\":[{\"@type\":\"ReadAction\",\"target\":[\"https:\\\/\\\/graf-von-westerburg.de\\\/fr\\\/imprint\\\/\"]}]},{\"@type\":\"ImageObject\",\"inLanguage\":\"fr-FR\",\"@id\":\"https:\\\/\\\/graf-von-westerburg.de\\\/fr\\\/imprint\\\/#primaryimage\",\"url\":\"https:\\\/\\\/graf-von-westerburg.de\\\/wp-content\\\/uploads\\\/2022\\\/11\\\/logo-white.svg\",\"contentUrl\":\"https:\\\/\\\/graf-von-westerburg.de\\\/wp-content\\\/uploads\\\/2022\\\/11\\\/logo-white.svg\"},{\"@type\":\"BreadcrumbList\",\"@id\":\"https:\\\/\\\/graf-von-westerburg.de\\\/fr\\\/imprint\\\/#breadcrumb\",\"itemListElement\":[{\"@type\":\"ListItem\",\"position\":1,\"name\":\"Startseite\",\"item\":\"https:\\\/\\\/graf-von-westerburg.de\\\/\"},{\"@type\":\"ListItem\",\"position\":2,\"name\":\"Impressum\"}]},{\"@type\":\"WebSite\",\"@id\":\"https:\\\/\\\/graf-von-westerburg.de\\\/fr\\\/#website\",\"url\":\"https:\\\/\\\/graf-von-westerburg.de\\\/fr\\\/\",\"name\":\"Graf von Westerburg\",\"description\":\"Management Consultants\",\"publisher\":{\"@id\":\"https:\\\/\\\/graf-von-westerburg.de\\\/fr\\\/#organization\"},\"potentialAction\":[{\"@type\":\"SearchAction\",\"target\":{\"@type\":\"EntryPoint\",\"urlTemplate\":\"https:\\\/\\\/graf-von-westerburg.de\\\/fr\\\/?s={search_term_string}\"},\"query-input\":{\"@type\":\"PropertyValueSpecification\",\"valueRequired\":true,\"valueName\":\"search_term_string\"}}],\"inLanguage\":\"fr-FR\"},{\"@type\":\"Organization\",\"@id\":\"https:\\\/\\\/graf-von-westerburg.de\\\/fr\\\/#organization\",\"name\":\"Graf von Westerburg\",\"url\":\"https:\\\/\\\/graf-von-westerburg.de\\\/fr\\\/\",\"logo\":{\"@type\":\"ImageObject\",\"inLanguage\":\"fr-FR\",\"@id\":\"https:\\\/\\\/graf-von-westerburg.de\\\/fr\\\/#\\\/schema\\\/logo\\\/image\\\/\",\"url\":\"https:\\\/\\\/graf-von-westerburg.de\\\/wp-content\\\/uploads\\\/2022\\\/11\\\/favicon.svg\",\"contentUrl\":\"https:\\\/\\\/graf-von-westerburg.de\\\/wp-content\\\/uploads\\\/2022\\\/11\\\/favicon.svg\",\"width\":32,\"height\":30,\"caption\":\"Graf von Westerburg\"},\"image\":{\"@id\":\"https:\\\/\\\/graf-von-westerburg.de\\\/fr\\\/#\\\/schema\\\/logo\\\/image\\\/\"},\"sameAs\":[\"https:\\\/\\\/xing.com\\\/pages\\\/graf-von-westerburg\",\"https:\\\/\\\/linkedin.com\\\/company\\\/graf-von-westerburg\"],\"description\":\"Graf von Westerburg ist Ihr Partner f\u00fcr Defence & Security, Innovation und digitale Transformation, k\u00fcnstliche Intelligenz, Industrie 5.0, Executive Search, Krisenmanagement sowie integrierte Managementsysteme. Die Erfolgsbasis bilden exzellente Branchenkenntnisse, eine fundierte Methodik sowie ein internationales Insider-Netzwerk.\",\"email\":\"info@graf-von-westerburg.de\",\"telephone\":\"+49 341 9899 3215\"}]}<\/script>\n<!-- \/ Yoast SEO Premium plugin. -->","yoast_head_json":{"title":"Mentions l\u00e9gales | Graf von Westerburg","description":"Graf von Westerburg Consultants en gestion, Torgauer Str. 231-233, DE-04347 Leipzig, info@graf-von-westerburg.de, t\u00e9l\u00e9phone 49 341 9899 3215","robots":{"index":"index","follow":"follow","max-snippet":"max-snippet:-1","max-image-preview":"max-image-preview:large","max-video-preview":"max-video-preview:-1"},"canonical":"https:\/\/graf-von-westerburg.de\/fr\/empreinte\/","og_locale":"fr_FR","og_type":"article","og_title":"Impressum","og_description":"Graf von Westerburg Management Consultants, Torgauer Str. 231- 233, DE-04347 Leipzig, info@graf-von-westerburg.de, Phone +49 341 9899 3215","og_url":"https:\/\/graf-von-westerburg.de\/fr\/empreinte\/","og_site_name":"Graf von Westerburg","article_modified_time":"2026-01-04T08:01:32+00:00","og_image":[{"width":1200,"height":675,"url":"https:\/\/graf-von-westerburg.de\/wp-content\/uploads\/2025\/04\/website-bild.png","type":"image\/png"}],"twitter_card":"summary_large_image","twitter_misc":{"Dur\u00e9e de lecture estim\u00e9e":"3 minutes"},"schema":{"@context":"https:\/\/schema.org","@graph":[{"@type":"WebPage","@id":"https:\/\/graf-von-westerburg.de\/fr\/imprint\/","url":"https:\/\/graf-von-westerburg.de\/fr\/imprint\/","name":"Mentions l\u00e9gales | Graf von Westerburg","isPartOf":{"@id":"https:\/\/graf-von-westerburg.de\/fr\/#website"},"primaryImageOfPage":{"@id":"https:\/\/graf-von-westerburg.de\/fr\/imprint\/#primaryimage"},"image":{"@id":"https:\/\/graf-von-westerburg.de\/fr\/imprint\/#primaryimage"},"thumbnailUrl":"https:\/\/graf-von-westerburg.de\/wp-content\/uploads\/2022\/11\/logo-white.svg","datePublished":"2018-06-02T07:39:16+00:00","dateModified":"2026-01-04T08:01:32+00:00","description":"Graf von Westerburg Consultants en gestion, Torgauer Str. 231-233, DE-04347 Leipzig, info@graf-von-westerburg.de, t\u00e9l\u00e9phone 49 341 9899 3215","breadcrumb":{"@id":"https:\/\/graf-von-westerburg.de\/fr\/imprint\/#breadcrumb"},"inLanguage":"fr-FR","potentialAction":[{"@type":"ReadAction","target":["https:\/\/graf-von-westerburg.de\/fr\/imprint\/"]}]},{"@type":"ImageObject","inLanguage":"fr-FR","@id":"https:\/\/graf-von-westerburg.de\/fr\/imprint\/#primaryimage","url":"https:\/\/graf-von-westerburg.de\/wp-content\/uploads\/2022\/11\/logo-white.svg","contentUrl":"https:\/\/graf-von-westerburg.de\/wp-content\/uploads\/2022\/11\/logo-white.svg"},{"@type":"BreadcrumbList","@id":"https:\/\/graf-von-westerburg.de\/fr\/imprint\/#breadcrumb","itemListElement":[{"@type":"ListItem","position":1,"name":"Startseite","item":"https:\/\/graf-von-westerburg.de\/"},{"@type":"ListItem","position":2,"name":"Impressum"}]},{"@type":"WebSite","@id":"https:\/\/graf-von-westerburg.de\/fr\/#website","url":"https:\/\/graf-von-westerburg.de\/fr\/","name":"Graf von Westerburg","description":"Conseillers en gestion","publisher":{"@id":"https:\/\/graf-von-westerburg.de\/fr\/#organization"},"potentialAction":[{"@type":"SearchAction","target":{"@type":"EntryPoint","urlTemplate":"https:\/\/graf-von-westerburg.de\/fr\/?s={search_term_string}"},"query-input":{"@type":"PropertyValueSpecification","valueRequired":true,"valueName":"search_term_string"}}],"inLanguage":"fr-FR"},{"@type":"Organization","@id":"https:\/\/graf-von-westerburg.de\/fr\/#organization","name":"Graf von Westerburg","url":"https:\/\/graf-von-westerburg.de\/fr\/","logo":{"@type":"ImageObject","inLanguage":"fr-FR","@id":"https:\/\/graf-von-westerburg.de\/fr\/#\/schema\/logo\/image\/","url":"https:\/\/graf-von-westerburg.de\/wp-content\/uploads\/2022\/11\/favicon.svg","contentUrl":"https:\/\/graf-von-westerburg.de\/wp-content\/uploads\/2022\/11\/favicon.svg","width":32,"height":30,"caption":"Graf von Westerburg"},"image":{"@id":"https:\/\/graf-von-westerburg.de\/fr\/#\/schema\/logo\/image\/"},"sameAs":["https:\/\/xing.com\/pages\/graf-von-westerburg","https:\/\/linkedin.com\/company\/graf-von-westerburg"],"description":"Le Graf von Westerburg est votre partenaire pour la d\u00e9fense.","email":"info@graf-von-westerburg.de","telephone":"+49 341 9899 3215"}]}},"_links":{"self":[{"href":"https:\/\/graf-von-westerburg.de\/fr\/wp-json\/wp\/v2\/pages\/42","targetHints":{"allow":["GET"]}}],"collection":[{"href":"https:\/\/graf-von-westerburg.de\/fr\/wp-json\/wp\/v2\/pages"}],"about":[{"href":"https:\/\/graf-von-westerburg.de\/fr\/wp-json\/wp\/v2\/types\/page"}],"author":[{"embeddable":true,"href":"https:\/\/graf-von-westerburg.de\/fr\/wp-json\/wp\/v2\/users\/4"}],"replies":[{"embeddable":true,"href":"https:\/\/graf-von-westerburg.de\/fr\/wp-json\/wp\/v2\/comments?post=42"}],"version-history":[{"count":0,"href":"https:\/\/graf-von-westerburg.de\/fr\/wp-json\/wp\/v2\/pages\/42\/revisions"}],"wp:attachment":[{"href":"https:\/\/graf-von-westerburg.de\/fr\/wp-json\/wp\/v2\/media?parent=42"}],"curies":[{"name":"wp","href":"https:\/\/api.w.org\/{rel}","templated":true}]}}